{"id":335,"date":"2020-01-08T12:21:21","date_gmt":"2020-01-08T12:21:21","guid":{"rendered":"http:\/\/iccdss.idu.edu.tr\/?page_id=335"},"modified":"2022-10-17T10:37:06","modified_gmt":"2022-10-17T10:37:06","slug":"iccdss-2019","status":"publish","type":"page","link":"https:\/\/iccdss.idu.edu.tr\/?page_id=335","title":{"rendered":"ICCDSS 2019"},"content":{"rendered":"<p><strong>ICCDSS 2019<\/strong> II.Uluslararas\u0131 Sosyal Bilimlerde Kritik Tart\u0131\u015fmalar Kongresi,\u00a0<strong>\u0130zmir Demokrasi \u00dcniversitesi&#8217;nin<\/strong> ev sahipli\u011finde <strong>3-5 Ekim 2019<\/strong> tarihlerinde Alt\u0131n Yunus Resort &amp; Thermal Hotel \u00c7e\u015fme, \u0130zmir\u2019de ger\u00e7ekle\u015ftirilmi\u015ftir. Kongrede yer alan davetli konu\u015fmac\u0131lar \u015fu \u015fekildedir;<\/p>\n<ul>\n<li>Prof.Dr. \u0130smail Hakk\u0131 Mirici \u2013 Near East University \/ Kuzey K\u0131br\u0131s T\u00fcrk Cumhuriyeti<\/li>\n<li>Prof. Dr. Elena Schmitt \u2013 Southern Connecticut State University \/ Amerika Birle\u015fik Devletleri<\/li>\n<li>Prof.Dr. Fabrizio Flavio Baldassare \u2013 Universita degli Studi di Bari Aldo Moro \/ \u0130talya<\/li>\n<li>Assoc.Prof. Florina Oana Virlanuta \u2013 Universitatea Dunarea Jos Galati \/ Romanya<\/li>\n<li>Assoc.Prof. Yasin Rofcanin \u2013 University of Bath \/ Birle\u015fik Krall\u0131k<\/li>\n<\/ul>\n<p><strong>&#8211; ICCDSS 2019<\/strong> II.Uluslararas\u0131 Sosyal Bilimlerde Kritik Tart\u0131\u015fmalar Kongresi Kongre Program\u0131 i\u00e7in <a href=\"https:\/\/drive.google.com\/file\/d\/14VxXFDCMzB1o7zOCzmoykEv1y8mSciTC\/view?usp=sharing\"><span style=\"text-decoration: underline; color: #ff0000;\"><strong>t\u0131klay\u0131n\u0131z.<\/strong><\/span><\/a><\/p>\n<p><strong>&#8211; ICCDSS 2019<\/strong> II.Uluslararas\u0131 Sosyal Bilimlerde Kritik Tart\u0131\u015fmalar Kongresi&#8217;ne ait bildiri \u00f6zetleri kitab\u0131n\u0131 indirmek i\u00e7in\u00a0<span style=\"text-decoration: underline; color: #ff0000;\"><strong><a style=\"color: #ff0000; text-decoration: underline;\" href=\"https:\/\/drive.google.com\/file\/d\/1taHzd93FLSMKE2E2mLfJdhzBsmgEPeUU\/view?usp=sharing\" target=\"_blank\" rel=\"noopener noreferrer\">t\u0131klay\u0131n\u0131z.<\/a><\/strong><\/span><\/p>\n<p><strong>&#8211; ICCDSS 2019<\/strong> II.Uluslararas\u0131 Sosyal Bilimlerde Kritik Tart\u0131\u015fmalar Kongresi&#8217;ne ait tam metin bildiriler kitab\u0131n\u0131 indirmek i\u00e7in\u00a0<span style=\"text-decoration: underline; color: #ff0000;\"><strong><a style=\"color: #ff0000; text-decoration: underline;\" href=\"https:\/\/drive.google.com\/open?id=1e_8CIE4ahTZwCCjVhd01miS-gZo76bCq\" target=\"_blank\" rel=\"noopener noreferrer\">t\u0131klay\u0131n\u0131z.<\/a><\/strong><\/span><\/p>","protected":false},"excerpt":{"rendered":"<p>ICCDSS 2019 II.Uluslararas\u0131 Sosyal Bilimlerde Kritik Tart\u0131\u015fmalar Kongresi,\u00a0\u0130zmir Demokrasi \u00dcniversitesi&#8217;nin ev sahipli\u011finde 3-5 Ekim 2019 tarihlerinde Alt\u0131n Yunus Resort &amp;<\/p>\n","protected":false},"author":2,"featured_media":0,"parent":25,"menu_order":0,"comment_status":"closed","ping_status":"closed","template":"","meta":{"footnotes":""},"class_list":["post-335","page","type-page","status-publish","hentry","comments-off"],"_links":{"self":[{"href":"https:\/\/iccdss.idu.edu.tr\/index.php?rest_route=\/wp\/v2\/pages\/335","targetHints":{"allow":["GET"]}}],"collection":[{"href":"https:\/\/iccdss.idu.edu.tr\/index.php?rest_route=\/wp\/v2\/pages"}],"about":[{"href":"https:\/\/iccdss.idu.edu.tr\/index.php?rest_route=\/wp\/v2\/types\/page"}],"author":[{"embeddable":true,"href":"https:\/\/iccdss.idu.edu.tr\/index.php?rest_route=\/wp\/v2\/users\/2"}],"replies":[{"embeddable":true,"href":"https:\/\/iccdss.idu.edu.tr\/index.php?rest_route=%2Fwp%2Fv2%2Fcomments&post=335"}],"version-history":[{"count":8,"href":"https:\/\/iccdss.idu.edu.tr\/index.php?rest_route=\/wp\/v2\/pages\/335\/revisions"}],"predecessor-version":[{"id":735,"href":"https:\/\/iccdss.idu.edu.tr\/index.php?rest_route=\/wp\/v2\/pages\/335\/revisions\/735"}],"up":[{"embeddable":true,"href":"https:\/\/iccdss.idu.edu.tr\/index.php?rest_route=\/wp\/v2\/pages\/25"}],"wp:attachment":[{"href":"https:\/\/iccdss.idu.edu.tr\/index.php?rest_route=%2Fwp%2Fv2%2Fmedia&parent=335"}],"curies":[{"name":"wp","href":"https:\/\/api.w.org\/{rel}","templated":true}]}}