{"id":648,"date":"2021-12-01T08:09:35","date_gmt":"2021-12-01T08:09:35","guid":{"rendered":"http:\/\/iccdss.idu.edu.tr\/?page_id=648"},"modified":"2021-12-08T06:51:07","modified_gmt":"2021-12-08T06:51:07","slug":"iccdss-2021","status":"publish","type":"page","link":"https:\/\/iccdss.idu.edu.tr\/?page_id=648","title":{"rendered":"ICCDSS 2021"},"content":{"rendered":"<p>IV. Uluslararas\u0131 Sosyal Bilimlerde Kritik Tart\u0131\u015fmalar Kongresi, \u0130zmir Demokrasi \u00dcniversitesinin ev sahipli\u011finde 20-22 Ekim 2021 tarihlerinde Tusan Beach Resort, Ku\u015fadas\u0131, Ayd\u0131n\u2019da ger\u00e7ekle\u015ftirilmi\u015ftir. Kongrede yer alan davetli konu\u015fmac\u0131lar \u015fu \u015fekildedir;<\/p>\n<ul>\n<li>Dr. Fadia KIWAN \u2013 <em>Director General of Arab Women Organization<\/em><\/li>\n<li>Dr. Orhan \u00c7\u0130FT\u00c7\u0130 \u2013 <em>K\u0131br\u0131s \u0130lim \u00dcniversitesi<\/em><\/li>\n<li>Prof. Mariusz TUROWSKI \u2013 <em>University of Wroc\u0142aw<\/em><\/li>\n<li>Prof. Iza (Yue) DING \u2013 <em>University of Pittsburgh<\/em><\/li>\n<li>Dr. \u015eahizer SAMUK CARIGNANI \u2013 IMT <em>Scuola Alti Studi Lucca<\/em><\/li>\n<\/ul>\n<p>IV. Uluslarararas\u0131 Sosyal Bilimlerde Kritik Tart\u0131\u015fmalar Kongresi\u2019ne ait bildiri \u00f6zetleri kitab\u0131na ula\u015fmak i\u00e7in <a href=\"https:\/\/drive.google.com\/file\/d\/1iGv4ipEeDfOzFwJ86HB5IcvFCVrYrs3i\/view?usp=sharing\"><span style=\"color: #ff0000;\">t\u0131klay\u0131n\u0131z<\/span><\/a>.<\/p>\n<p>IV. Uluslarararas\u0131 Sosyal Bilimlerde Kritik Tart\u0131\u015fmalar Kongresi\u2019ne ait tam metin kitab\u0131na ula\u015fmak i\u00e7in <a href=\"https:\/\/drive.google.com\/file\/d\/14Ck845shcT0Co3G7erouk0i5n63h0VEH\/view?usp=sharing\"><span style=\"color: #ff0000;\">t\u0131klay\u0131n\u0131z<\/span><\/a>.<\/p>","protected":false},"excerpt":{"rendered":"<p>IV. Uluslararas\u0131 Sosyal Bilimlerde Kritik Tart\u0131\u015fmalar Kongresi, \u0130zmir Demokrasi \u00dcniversitesinin ev sahipli\u011finde 20-22 Ekim 2021 tarihlerinde Tusan Beach Resort, Ku\u015fadas\u0131,<\/p>\n","protected":false},"author":2,"featured_media":0,"parent":0,"menu_order":0,"comment_status":"closed","ping_status":"closed","template":"","meta":{"footnotes":""},"class_list":["post-648","page","type-page","status-publish","hentry","comments-off"],"_links":{"self":[{"href":"https:\/\/iccdss.idu.edu.tr\/index.php?rest_route=\/wp\/v2\/pages\/648","targetHints":{"allow":["GET"]}}],"collection":[{"href":"https:\/\/iccdss.idu.edu.tr\/index.php?rest_route=\/wp\/v2\/pages"}],"about":[{"href":"https:\/\/iccdss.idu.edu.tr\/index.php?rest_route=\/wp\/v2\/types\/page"}],"author":[{"embeddable":true,"href":"https:\/\/iccdss.idu.edu.tr\/index.php?rest_route=\/wp\/v2\/users\/2"}],"replies":[{"embeddable":true,"href":"https:\/\/iccdss.idu.edu.tr\/index.php?rest_route=%2Fwp%2Fv2%2Fcomments&post=648"}],"version-history":[{"count":6,"href":"https:\/\/iccdss.idu.edu.tr\/index.php?rest_route=\/wp\/v2\/pages\/648\/revisions"}],"predecessor-version":[{"id":655,"href":"https:\/\/iccdss.idu.edu.tr\/index.php?rest_route=\/wp\/v2\/pages\/648\/revisions\/655"}],"wp:attachment":[{"href":"https:\/\/iccdss.idu.edu.tr\/index.php?rest_route=%2Fwp%2Fv2%2Fmedia&parent=648"}],"curies":[{"name":"wp","href":"https:\/\/api.w.org\/{rel}","templated":true}]}}