{"id":727,"date":"2022-10-12T08:05:01","date_gmt":"2022-10-12T08:05:01","guid":{"rendered":"http:\/\/iccdss.idu.edu.tr\/?page_id=727"},"modified":"2024-09-24T14:52:37","modified_gmt":"2024-09-24T14:52:37","slug":"iccdss-2022","status":"publish","type":"page","link":"https:\/\/iccdss.idu.edu.tr\/?page_id=727","title":{"rendered":"ICCDSS 2022"},"content":{"rendered":"<p>V. Uluslararas\u0131 Sosyal Bilimlerde Kritik Tart\u0131\u015fmalar Kongresi, \u0130zmir Demokrasi \u00dcniversitesinin ev sahipli\u011finde 7-9 Ekim 2022 tarihlerinde Burhaniye&#8217;de ger\u00e7ekle\u015ftirilmi\u015ftir. Kongrede yer alan davetli konu\u015fmac\u0131lar \u015fu \u015fekildedir;<\/p>\n<ul>\n<li>Ilija VUCKOV \u2013 CEO of EMKICE<\/li>\n<li>Prof.Dr. Emilia ALAVERDOV \u2013 Georgian Technical University, Georgia<\/li>\n<li>Prof. Dr. Elena SCHMITT \u2013 Southern Connecticut State University, USA<\/li>\n<li>Assist. Prof. Dr. Deepesh CHANDRASHEKHARAN \u2013 Shiv Nadar University, India<\/li>\n<\/ul>\n<p>V. Uluslarararas\u0131 Sosyal Bilimlerde Kritik Tart\u0131\u015fmalar Kongresi\u2019ne ait bildiri \u00f6zetleri kitab\u0131na ula\u015fmak i\u00e7in <span style=\"color: #ff0000;\"><a style=\"color: #ff0000;\" href=\"https:\/\/drive.google.com\/file\/d\/1RtZw791Qi3X1F3oK_wkqI6mUJ3NkG_ii\/view?usp=sharing\">t\u0131klay\u0131n\u0131z<\/a>.<\/span><\/p>\n<p>V. Uluslarararas\u0131 Sosyal Bilimlerde Kritik Tart\u0131\u015fmalar Kongresi\u2019ne ait Tam Metin \u00a0kitab\u0131na ula\u015fmak i\u00e7in <span style=\"color: #ff0000;\"><a style=\"color: #ff0000;\" href=\"https:\/\/drive.google.com\/file\/d\/1Y9YNhQ0XPuyPJo7vKFgyfxVVaw65AYSY\/view?usp=sharing\">t\u0131klay\u0131n\u0131z<\/a>.<\/span><\/p>","protected":false},"excerpt":{"rendered":"<p>V. Uluslararas\u0131 Sosyal Bilimlerde Kritik Tart\u0131\u015fmalar Kongresi, \u0130zmir Demokrasi \u00dcniversitesinin ev sahipli\u011finde 7-9 Ekim 2022 tarihlerinde Burhaniye&#8217;de ger\u00e7ekle\u015ftirilmi\u015ftir. Kongrede yer<\/p>\n","protected":false},"author":2,"featured_media":0,"parent":0,"menu_order":0,"comment_status":"closed","ping_status":"closed","template":"","meta":{"footnotes":""},"class_list":["post-727","page","type-page","status-publish","hentry","comments-off"],"_links":{"self":[{"href":"https:\/\/iccdss.idu.edu.tr\/index.php?rest_route=\/wp\/v2\/pages\/727","targetHints":{"allow":["GET"]}}],"collection":[{"href":"https:\/\/iccdss.idu.edu.tr\/index.php?rest_route=\/wp\/v2\/pages"}],"about":[{"href":"https:\/\/iccdss.idu.edu.tr\/index.php?rest_route=\/wp\/v2\/types\/page"}],"author":[{"embeddable":true,"href":"https:\/\/iccdss.idu.edu.tr\/index.php?rest_route=\/wp\/v2\/users\/2"}],"replies":[{"embeddable":true,"href":"https:\/\/iccdss.idu.edu.tr\/index.php?rest_route=%2Fwp%2Fv2%2Fcomments&post=727"}],"version-history":[{"count":9,"href":"https:\/\/iccdss.idu.edu.tr\/index.php?rest_route=\/wp\/v2\/pages\/727\/revisions"}],"predecessor-version":[{"id":949,"href":"https:\/\/iccdss.idu.edu.tr\/index.php?rest_route=\/wp\/v2\/pages\/727\/revisions\/949"}],"wp:attachment":[{"href":"https:\/\/iccdss.idu.edu.tr\/index.php?rest_route=%2Fwp%2Fv2%2Fmedia&parent=727"}],"curies":[{"name":"wp","href":"https:\/\/api.w.org\/{rel}","templated":true}]}}