{"id":751,"date":"2023-08-03T10:04:46","date_gmt":"2023-08-03T10:04:46","guid":{"rendered":"https:\/\/iccdss.idu.edu.tr\/?page_id=751"},"modified":"2024-12-09T11:09:24","modified_gmt":"2024-12-09T11:09:24","slug":"onemli-tarihler-2","status":"publish","type":"page","link":"https:\/\/iccdss.idu.edu.tr\/?page_id=751","title":{"rendered":"\u00d6nemli Tarihler"},"content":{"rendered":"<p><\/p>\n<table width=\"642\">\n<tbody>\n<tr>\n<td width=\"292\"><strong>KONGRE TAR\u0130H\u0130<\/strong><\/td>\n<td width=\"350\"><strong>22 KASIM 2024<\/strong><\/td>\n<\/tr>\n<tr>\n<td width=\"292\"><strong>Bildiri \u00f6zet g\u00f6nderim<\/strong><\/td>\n<td width=\"350\"><strong>5\u00a0 A\u011eUSTOS \u2013 15 KASIM 2024<\/strong><\/td>\n<\/tr>\n<tr>\n<td width=\"292\"><strong>Kabul edilen bildirilerin ilan\u0131<\/strong><\/td>\n<td width=\"350\"><strong>16 KASIM 2024<\/strong><\/td>\n<\/tr>\n<tr>\n<td width=\"292\"><strong>Kongre kay\u0131t ve son \u00f6deme<\/strong><\/td>\n<td width=\"350\"><strong>19 KASIM 2024<\/strong><\/td>\n<\/tr>\n<tr>\n<td width=\"292\"><strong>Kongre program\u0131n\u0131n ilan\u0131<\/strong><\/td>\n<td width=\"350\"><strong>20 KASIM 2024<\/strong><\/td>\n<\/tr>\n<tr>\n<td width=\"292\"><strong>Tam metin son g\u00f6nderim<\/strong><\/td>\n<td width=\"350\"><strong>4 ARALIK 2024<\/strong><\/td>\n<\/tr>\n<tr>\n<td width=\"292\"><strong>\u00d6zet metin bildiri kitab\u0131n\u0131n yay\u0131mlanmas\u0131<\/strong><\/td>\n<td width=\"350\"><strong>9 ARALIK 2024<\/strong><\/td>\n<\/tr>\n<tr>\n<td width=\"292\"><\/td>\n<td width=\"350\"><\/td>\n<\/tr>\n<tr>\n<td width=\"292\"><strong>Uluslararas\u0131 bilimsel kitab\u0131n yay\u0131mlanmas\u0131<\/strong><\/td>\n<td width=\"350\"><strong>28 ARALIK 2024<\/strong><\/td>\n<\/tr>\n<\/tbody>\n<\/table>\n<p><\/p>","protected":false},"excerpt":{"rendered":"<p>KONGRE TAR\u0130H\u0130 22 KASIM 2024 Bildiri \u00f6zet g\u00f6nderim 5\u00a0 A\u011eUSTOS \u2013 15 KASIM 2024 Kabul edilen bildirilerin ilan\u0131 16 KASIM<\/p>\n","protected":false},"author":3,"featured_media":0,"parent":0,"menu_order":0,"comment_status":"closed","ping_status":"closed","template":"","meta":{"footnotes":""},"class_list":["post-751","page","type-page","status-publish","hentry","comments-off"],"_links":{"self":[{"href":"https:\/\/iccdss.idu.edu.tr\/index.php?rest_route=\/wp\/v2\/pages\/751","targetHints":{"allow":["GET"]}}],"collection":[{"href":"https:\/\/iccdss.idu.edu.tr\/index.php?rest_route=\/wp\/v2\/pages"}],"about":[{"href":"https:\/\/iccdss.idu.edu.tr\/index.php?rest_route=\/wp\/v2\/types\/page"}],"author":[{"embeddable":true,"href":"https:\/\/iccdss.idu.edu.tr\/index.php?rest_route=\/wp\/v2\/users\/3"}],"replies":[{"embeddable":true,"href":"https:\/\/iccdss.idu.edu.tr\/index.php?rest_route=%2Fwp%2Fv2%2Fcomments&post=751"}],"version-history":[{"count":28,"href":"https:\/\/iccdss.idu.edu.tr\/index.php?rest_route=\/wp\/v2\/pages\/751\/revisions"}],"predecessor-version":[{"id":1015,"href":"https:\/\/iccdss.idu.edu.tr\/index.php?rest_route=\/wp\/v2\/pages\/751\/revisions\/1015"}],"wp:attachment":[{"href":"https:\/\/iccdss.idu.edu.tr\/index.php?rest_route=%2Fwp%2Fv2%2Fmedia&parent=751"}],"curies":[{"name":"wp","href":"https:\/\/api.w.org\/{rel}","templated":true}]}}