{"id":753,"date":"2023-08-03T10:06:01","date_gmt":"2023-08-03T10:06:01","guid":{"rendered":"https:\/\/iccdss.idu.edu.tr\/?page_id=753"},"modified":"2023-09-12T12:28:48","modified_gmt":"2023-09-12T12:28:48","slug":"kongre-temasi-ve-konu-basliklari","status":"publish","type":"page","link":"https:\/\/iccdss.idu.edu.tr\/?page_id=753","title":{"rendered":"Kongre Konu Ba\u015fl\u0131klar\u0131"},"content":{"rendered":"<p>&nbsp;<\/p>\n<table width=\"333\">\n<tbody>\n<tr>\n<td width=\"333\">Antropoloji<\/td>\n<\/tr>\n<tr>\n<td width=\"333\">Arkeoloji<\/td>\n<\/tr>\n<tr>\n<td width=\"333\">Avrupa Birli\u011fi<\/td>\n<\/tr>\n<tr>\n<td width=\"333\">Bankac\u0131l\u0131k ve Sigortac\u0131l\u0131k<\/td>\n<\/tr>\n<tr>\n<td width=\"333\">Bilgi ve Belge Y\u00f6netimi<\/td>\n<\/tr>\n<tr>\n<td width=\"333\">Co\u011frafya<\/td>\n<\/tr>\n<tr>\n<td width=\"333\">\u00c7eviribilim<\/td>\n<\/tr>\n<tr>\n<td width=\"333\">\u00c7ocuk Geli\u015fimi<\/td>\n<\/tr>\n<tr>\n<td width=\"333\">Dil Bilimi<\/td>\n<\/tr>\n<tr>\n<td width=\"333\">Edebiyat<\/td>\n<\/tr>\n<tr>\n<td width=\"333\">E\u011fitim Bilimleri<\/td>\n<\/tr>\n<tr>\n<td width=\"333\">Ekonometri<\/td>\n<\/tr>\n<tr>\n<td width=\"333\">Ekonomi<\/td>\n<\/tr>\n<tr>\n<td width=\"333\">Felsefe<\/td>\n<\/tr>\n<tr>\n<td width=\"333\">Filoloji<\/td>\n<\/tr>\n<tr>\n<td width=\"333\">Finans<\/td>\n<\/tr>\n<tr>\n<td width=\"333\">Gazetecilik ve Medya \u00c7al\u0131\u015fmalar\u0131<\/td>\n<\/tr>\n<tr>\n<td width=\"333\">Giri\u015fimcilik<\/td>\n<\/tr>\n<tr>\n<td width=\"333\">G\u00f6rsel \u0130leti\u015fim Tasar\u0131m\u0131<\/td>\n<\/tr>\n<tr>\n<td width=\"333\">G\u00fczel Sanatlar<\/td>\n<\/tr>\n<tr>\n<td width=\"333\">Halkla \u0130li\u015fkiler<\/td>\n<\/tr>\n<tr>\n<td width=\"333\">Hukuk<\/td>\n<\/tr>\n<tr>\n<td width=\"333\">\u0130ktisat<\/td>\n<\/tr>\n<tr>\n<td width=\"333\">\u0130lahiyat<\/td>\n<\/tr>\n<tr>\n<td width=\"333\">\u0130leti\u015fim<\/td>\n<\/tr>\n<tr>\n<td width=\"333\">\u0130nsan Haklar\u0131<\/td>\n<\/tr>\n<tr>\n<td width=\"333\">\u0130nsan Kaynaklar\u0131 Y\u00f6netimi<\/td>\n<\/tr>\n<tr>\n<td width=\"333\">\u0130statistik<\/td>\n<\/tr>\n<tr>\n<td width=\"333\">\u0130\u015f Sa\u011fl\u0131\u011f\u0131 ve G\u00fcvenli\u011fi<\/td>\n<\/tr>\n<tr>\n<td width=\"333\">\u0130\u015fletme<\/td>\n<\/tr>\n<tr>\n<td width=\"333\">Kamu Y\u00f6netimi<\/td>\n<\/tr>\n<tr>\n<td width=\"333\">Maliye<\/td>\n<\/tr>\n<tr>\n<td width=\"333\">Muhasebe<\/td>\n<\/tr>\n<tr>\n<td width=\"333\">M\u00fctercim Terc\u00fcmanl\u0131k<\/td>\n<\/tr>\n<tr>\n<td width=\"333\">M\u00fczik<\/td>\n<\/tr>\n<tr>\n<td width=\"333\">Organizasyon<\/td>\n<\/tr>\n<tr>\n<td width=\"333\">Pazarlama<\/td>\n<\/tr>\n<tr>\n<td width=\"333\">Psikoloji<\/td>\n<\/tr>\n<tr>\n<td width=\"333\">Siyaset Bilimi<\/td>\n<\/tr>\n<tr>\n<td width=\"333\">Sosyal Hizmet<\/td>\n<\/tr>\n<tr>\n<td width=\"333\">Sosyal Politika<\/td>\n<\/tr>\n<tr>\n<td width=\"333\">Sosyoloji<\/td>\n<\/tr>\n<tr>\n<td width=\"333\">Spor Bilimleri<\/td>\n<\/tr>\n<tr>\n<td width=\"333\">Tarih<\/td>\n<\/tr>\n<tr>\n<td width=\"333\">Tasar\u0131m<\/td>\n<\/tr>\n<tr>\n<td width=\"333\">Turizm<\/td>\n<\/tr>\n<tr>\n<td width=\"333\">T\u00fcrk Dili<\/td>\n<\/tr>\n<tr>\n<td width=\"333\">T\u00fcrk Dili ve Edebiyat\u0131<\/td>\n<\/tr>\n<tr>\n<td width=\"333\">Uluslararas\u0131 \u0130ktisat<\/td>\n<\/tr>\n<tr>\n<td width=\"333\">Uluslararas\u0131 \u0130li\u015fkiler<\/td>\n<\/tr>\n<tr>\n<td width=\"333\">Uluslararas\u0131 Ticaret<\/td>\n<\/tr>\n<tr>\n<td width=\"333\">\u00dcretim<\/td>\n<\/tr>\n<tr>\n<td width=\"333\">Yerel Y\u00f6netimler<\/td>\n<\/tr>\n<tr>\n<td width=\"333\">Y\u00f6netim Bili\u015fim Sistemleri<\/td>\n<\/tr>\n<tr>\n<td width=\"333\">Y\u00f6netim ve Organizasyon<\/td>\n<\/tr>\n<tr>\n<td width=\"333\">Y\u00fcksek\u00f6\u011fretim \u00c7al\u0131\u015fmalar\u0131<\/td>\n<\/tr>\n<\/tbody>\n<\/table>\n<p>&nbsp;<\/p>","protected":false},"excerpt":{"rendered":"<p>&nbsp; Antropoloji Arkeoloji Avrupa Birli\u011fi Bankac\u0131l\u0131k ve Sigortac\u0131l\u0131k Bilgi ve Belge Y\u00f6netimi Co\u011frafya \u00c7eviribilim \u00c7ocuk Geli\u015fimi Dil Bilimi Edebiyat E\u011fitim<\/p>\n","protected":false},"author":3,"featured_media":0,"parent":0,"menu_order":0,"comment_status":"closed","ping_status":"closed","template":"","meta":{"footnotes":""},"class_list":["post-753","page","type-page","status-publish","hentry","comments-off"],"_links":{"self":[{"href":"https:\/\/iccdss.idu.edu.tr\/index.php?rest_route=\/wp\/v2\/pages\/753","targetHints":{"allow":["GET"]}}],"collection":[{"href":"https:\/\/iccdss.idu.edu.tr\/index.php?rest_route=\/wp\/v2\/pages"}],"about":[{"href":"https:\/\/iccdss.idu.edu.tr\/index.php?rest_route=\/wp\/v2\/types\/page"}],"author":[{"embeddable":true,"href":"https:\/\/iccdss.idu.edu.tr\/index.php?rest_route=\/wp\/v2\/users\/3"}],"replies":[{"embeddable":true,"href":"https:\/\/iccdss.idu.edu.tr\/index.php?rest_route=%2Fwp%2Fv2%2Fcomments&post=753"}],"version-history":[{"count":9,"href":"https:\/\/iccdss.idu.edu.tr\/index.php?rest_route=\/wp\/v2\/pages\/753\/revisions"}],"predecessor-version":[{"id":816,"href":"https:\/\/iccdss.idu.edu.tr\/index.php?rest_route=\/wp\/v2\/pages\/753\/revisions\/816"}],"wp:attachment":[{"href":"https:\/\/iccdss.idu.edu.tr\/index.php?rest_route=%2Fwp%2Fv2%2Fmedia&parent=753"}],"curies":[{"name":"wp","href":"https:\/\/api.w.org\/{rel}","templated":true}]}}