{"id":761,"date":"2023-08-03T10:08:22","date_gmt":"2023-08-03T10:08:22","guid":{"rendered":"https:\/\/iccdss.idu.edu.tr\/?page_id=761"},"modified":"2024-11-15T09:22:08","modified_gmt":"2024-11-15T09:22:08","slug":"kayit","status":"publish","type":"page","link":"https:\/\/iccdss.idu.edu.tr\/?page_id=761","title":{"rendered":"Kay\u0131t"},"content":{"rendered":"<p><strong>Kay\u0131t<\/strong><\/p>\n<p><strong>Kongre Kay\u0131t \u00dccreti:<\/strong><\/p>\n<table width=\"699\">\n<tbody>\n<tr>\n<td width=\"283\"><\/td>\n<td width=\"417\"><strong>Kay\u0131t<\/strong><\/td>\n<\/tr>\n<tr>\n<td width=\"283\"><strong>Kat\u0131l\u0131mc\u0131 Kay\u0131t \u00dccreti: <\/strong><\/td>\n<td width=\"417\"><strong>1. Bildiri 1300 TL<\/strong><\/p>\n<p><strong>2. Bildiri: 1300 + 700 TL<\/strong><\/td>\n<\/tr>\n<tr>\n<td width=\"283\"><strong>KONAKLAMA DETAYLARI VE \u00dcCRET\u0130:<\/strong><\/td>\n<td width=\"417\"><strong>Royal Teos Thermal Resort Clinic &amp; Spa\u2018da\u00a0 y\u00fcz y\u00fcze ger\u00e7ekle\u015fecektir.<\/strong><\/p>\n<p><strong>Royal Teos Thermal Resort Clinic &amp; Spa:\u00a0www. royalteos.com.\u00a0 <\/strong><\/p>\n<p><strong>Adres:\u00a0S\u0131\u011fac\u0131k Mahallesi Akkum Caddesi No:20 35460 Seferihisar, \u0130zmir \/ T\u00fcrkiye<\/strong><\/td>\n<\/tr>\n<\/tbody>\n<\/table>\n<p>* Uluslararas\u0131 Kay\u0131t \u00dccreti: 50 Dolar<\/p>\n<p><strong>Kay\u0131t \u00dccretinin \u00d6denmesi \u0130\u00e7in Banka Hesap Numaras\u0131:<\/strong><\/p>\n<p>Hesap ad\u0131: \u0130zmir Demokrasi \u00dcniversitesi D\u00f6ner Sermaye \u0130\u015fletme M\u00fcd\u00fcrl\u00fc\u011f\u00fc \u0130zmir Demokrasi \u00dcniversitesi Merkez D\u00f6ner Sermaye Birimi<\/p>\n<p>\u0130zmir Demokrasi \u00dcniversitesi Fahrettin Altay\/ \u0130zmir \u015eubesi TL Hesab\u0131 :<\/p>\n<p>TR 9200 0100 1533 9782 9673 5001<\/p>\n<p>\u0130zmir Demokrasi \u00dcniversitesi Fahrettin Altay\/\u0130zmir \u015eubesi Euro Hesab\u0131:<\/p>\n<p>TR 1100 0100 1533 9782 9673 5004<\/p>\n<p>Konferans kayd\u0131 i\u00e7in \u00f6demeyi tamamlad\u0131ktan sonra banka dekontunu ad\u0131n\u0131z, soyad\u0131n\u0131z ve ileti\u015fim bilgilerinizle birlikte (<a href=\"mailto:iduiccdss@gmail.com\">iduiccdss@gmail.com<\/a>) adresine e-posta ile g\u00f6ndermeniz gerekmektedir.<\/p>\n<p><strong>\u00a0<\/strong><\/p>\n<p><strong>Konaklama ve T\u00fcm Kat\u0131l\u0131mc\u0131lar\u0131n Otel\u2019e Yapaca\u011f\u0131 \u00d6deme Bilgileri:<\/strong><\/p>\n<p>Konaklamak isteyen kat\u0131l\u0131mc\u0131lar\u0131m\u0131z i\u00e7in \u00fccretler a\u015fa\u011f\u0131da verilmi\u015ftir. Konaklama ya da g\u00fcn\u00fc birlik kat\u0131l\u0131m durumunuzu (Konaklayacak ki\u015fi\/ki\u015filerin isim soy isim ve telefon numaras\u0131 ile)\u00a018 Kas\u0131m 2024\u00a017.00\u2019a kadar\u00a0<a href=\"mailto:iduiccdss@gmail.com\">iduiccdss@gmail.com<\/a>\u00a0adresine\u00a0mail atarak bildirmeniz gerekmektedir. Konaklama ve yemekli otel kullan\u0131m\u0131 \u00fccreti i\u00e7in Otel\u2019e \u00f6denecek \u00fccret \u00f6demesi kongremizin ilk g\u00fcn\u00fc otele yap\u0131lacakt\u0131r.<\/p>\n<p>&nbsp;<\/p>\n<p>Tek ki\u015filik oda fiyat\u0131\/gecelik 3000,00 TL<\/p>\n<p>\u0130ki ki\u015filik oda fiyat\u0131\/gecelik\u00a0\u00a0 4000,00 TL<\/p>\n<p>&nbsp;<\/p>\n<p>Otelde konaklama yapmayacak kat\u0131l\u0131mc\u0131lar\u0131m\u0131z i\u00e7in iki se\u00e7enek \u015feklinde yemekli otel kullan\u0131m\u0131 \u00fccretleri a\u015fa\u011f\u0131da verilmi\u015ftir. Konaklama ya da g\u00fcn\u00fcbirlik kat\u0131l\u0131m durumunuzu (Konaklayacak ki\u015fi\/ki\u015filerin isim soy isim ve telefon numaras\u0131 ile)\u00a018 Kas\u0131m 2024\u00a017.00\u2019a kadar\u00a0<a href=\"mailto:iduiccdss@gmail.com\">iduiccdss@gmail.com<\/a>\u00a0adresine\u00a0mail atarak bildirmeniz gerekmektedir. Otel\u2019e \u00f6denecek \u00fccret \u00f6demesi kongremizin 21 Kas\u0131m\u2019a kadar otele yap\u0131lacakt\u0131r.<\/p>\n<p><strong>Dinleyici Kat\u0131l\u0131mc\u0131 Otel Kullan\u0131m \u00dccreti<\/strong><\/p>\n<p>22\u00a0Kas\u0131m 12:00-19:00 saat aral\u0131\u011f\u0131nda a\u00e7\u0131k b\u00fcfe \u00f6\u011fle yeme\u011fi, toplant\u0131 salonu kullan\u0131m\u0131 ki\u015fi ba\u015f\u0131 fiyat\u0131\u00a0\u00a0 1000 TL (Bu \u00fccret her dinleyici ve kat\u0131l\u0131mc\u0131dan al\u0131nacakt\u0131r).<\/p>\n<p>22 Kas\u0131m a\u00e7\u0131k b\u00fcfe ak\u015fam yeme\u011fi, toplant\u0131 salonu kullan\u0131m\u0131 ki\u015fi ba\u015f\u0131 fiyat\u0131\u00a0\u00a0\u00a0\u00a0\u00a0\u00a0\u00a0\u00a0 1000 TL<\/p>\n<p>Royal Teos Thermal Resort\u00a0 Hotel -\u0130LET\u0130\u015e\u0130M\u00a0 B\u0130LG\u0130LER\u0130:<\/p>\n<p>Adres: S\u0131\u011fac\u0131k Mahallesi Akkum Caddesi No:20 35460 Seferihisar, \u0130zmir \/ T\u00fcrkiye<\/p>\n<p>\u0130rtibat: \u00d6mer \u015een<\/p>\n<p>Telefon:\u00a005050216816<\/p>","protected":false},"excerpt":{"rendered":"<p>Kay\u0131t Kongre Kay\u0131t \u00dccreti: Kay\u0131t Kat\u0131l\u0131mc\u0131 Kay\u0131t \u00dccreti: 1. Bildiri 1300 TL 2. Bildiri: 1300 + 700 TL KONAKLAMA DETAYLARI<\/p>\n","protected":false},"author":3,"featured_media":0,"parent":0,"menu_order":0,"comment_status":"closed","ping_status":"closed","template":"","meta":{"footnotes":""},"class_list":["post-761","page","type-page","status-publish","hentry","comments-off"],"_links":{"self":[{"href":"https:\/\/iccdss.idu.edu.tr\/index.php?rest_route=\/wp\/v2\/pages\/761","targetHints":{"allow":["GET"]}}],"collection":[{"href":"https:\/\/iccdss.idu.edu.tr\/index.php?rest_route=\/wp\/v2\/pages"}],"about":[{"href":"https:\/\/iccdss.idu.edu.tr\/index.php?rest_route=\/wp\/v2\/types\/page"}],"author":[{"embeddable":true,"href":"https:\/\/iccdss.idu.edu.tr\/index.php?rest_route=\/wp\/v2\/users\/3"}],"replies":[{"embeddable":true,"href":"https:\/\/iccdss.idu.edu.tr\/index.php?rest_route=%2Fwp%2Fv2%2Fcomments&post=761"}],"version-history":[{"count":31,"href":"https:\/\/iccdss.idu.edu.tr\/index.php?rest_route=\/wp\/v2\/pages\/761\/revisions"}],"predecessor-version":[{"id":995,"href":"https:\/\/iccdss.idu.edu.tr\/index.php?rest_route=\/wp\/v2\/pages\/761\/revisions\/995"}],"wp:attachment":[{"href":"https:\/\/iccdss.idu.edu.tr\/index.php?rest_route=%2Fwp%2Fv2%2Fmedia&parent=761"}],"curies":[{"name":"wp","href":"https:\/\/api.w.org\/{rel}","templated":true}]}}