{"id":763,"date":"2023-08-03T10:08:40","date_gmt":"2023-08-03T10:08:40","guid":{"rendered":"https:\/\/iccdss.idu.edu.tr\/?page_id=763"},"modified":"2024-12-09T11:27:16","modified_gmt":"2024-12-09T11:27:16","slug":"bildiri-gonderimi","status":"publish","type":"page","link":"https:\/\/iccdss.idu.edu.tr\/?page_id=763","title":{"rendered":"Bildiri G\u00f6nderimi"},"content":{"rendered":"<p>&nbsp;<\/p>\n<ul>\n<li>De\u011ferli kat\u0131l\u0131mc\u0131lar, bildirilerinizi g\u00f6ndermek i\u00e7in iki ad\u0131ml\u0131 bir s\u00fcre\u00e7 takip etmeniz gerekmektedir. \u00d6ncelikle sisteme takip eden link arac\u0131l\u0131\u011f\u0131yla\u00a0<a href=\"https:\/\/cmt3.research.microsoft.com\/\">https:\/\/cmt3.research.microsoft.com<\/a>\u00a0kay\u0131t olman\u0131z gerekmektedir. Daha sonra kongremizi (<a href=\"https:\/\/cmt3.research.microsoft.com\/ICCDSS2023\">VII. International Congress on Critical Debates in Social Sciences<\/a>) (<a href=\"https:\/\/cmt3.research.microsoft.com\/ICCDSS2024\">https:\/\/cmt3.research.microsoft.com\/ICCDSS2024<\/a>) se\u00e7erek \u00e7al\u0131\u015fman\u0131z\u0131 y\u00fckleyebilirsiniz<\/li>\n<li>Bir yazar en fazla iki bildiri ile kongreye ba\u015fvurabilir.<\/li>\n<li>Bildiri \u00f6zeti asgari 200 azami, 500 kelime olmal\u0131d\u0131r.<\/li>\n<li>Bildiri ba\u015fl\u0131\u011f\u0131; Times New Roman, 14 punto, hepsi b\u00fcy\u00fck harf, koyu ve ortalanm\u0131\u015f olmal\u0131d\u0131r.<\/li>\n<li>Bildiri metni; Times New Roman, 12 punto, iki yana yasl\u0131 olmal\u0131d\u0131r.<\/li>\n<li>Anahtar kelimeler en az \u00fc\u00e7, en \u00e7ok be\u015f olacak \u015fekilde Times New Roman, 12 punto, italik ve her bir kelime virg\u00fcl ile ayr\u0131lmal\u0131d\u0131r.<\/li>\n<\/ul>\n<p>ICCDSS&#8217;24 Bildiri \u00d6zetleri Kitab\u0131na a\u015fa\u011f\u0131daki dosyay\u0131 indirerek ula\u015fabilirsiniz;<\/p>\n<p><a href=\"https:\/\/drive.google.com\/file\/d\/1WXdrz6c1e4NYsnn-Hw3rzqIBKzK29BPS\/view?usp=sharing\">ICCDSS 2024 Bildiri \u00d6zetleri Kitab\u0131<\/a><\/p>\n<p>&nbsp;<\/p>","protected":false},"excerpt":{"rendered":"<p>&nbsp; De\u011ferli kat\u0131l\u0131mc\u0131lar, bildirilerinizi g\u00f6ndermek i\u00e7in iki ad\u0131ml\u0131 bir s\u00fcre\u00e7 takip etmeniz gerekmektedir. \u00d6ncelikle sisteme takip eden link arac\u0131l\u0131\u011f\u0131yla\u00a0https:\/\/cmt3.research.microsoft.com\u00a0kay\u0131t olman\u0131z<\/p>\n","protected":false},"author":3,"featured_media":0,"parent":0,"menu_order":0,"comment_status":"closed","ping_status":"closed","template":"","meta":{"footnotes":""},"class_list":["post-763","page","type-page","status-publish","hentry","comments-off"],"_links":{"self":[{"href":"https:\/\/iccdss.idu.edu.tr\/index.php?rest_route=\/wp\/v2\/pages\/763","targetHints":{"allow":["GET"]}}],"collection":[{"href":"https:\/\/iccdss.idu.edu.tr\/index.php?rest_route=\/wp\/v2\/pages"}],"about":[{"href":"https:\/\/iccdss.idu.edu.tr\/index.php?rest_route=\/wp\/v2\/types\/page"}],"author":[{"embeddable":true,"href":"https:\/\/iccdss.idu.edu.tr\/index.php?rest_route=\/wp\/v2\/users\/3"}],"replies":[{"embeddable":true,"href":"https:\/\/iccdss.idu.edu.tr\/index.php?rest_route=%2Fwp%2Fv2%2Fcomments&post=763"}],"version-history":[{"count":20,"href":"https:\/\/iccdss.idu.edu.tr\/index.php?rest_route=\/wp\/v2\/pages\/763\/revisions"}],"predecessor-version":[{"id":1018,"href":"https:\/\/iccdss.idu.edu.tr\/index.php?rest_route=\/wp\/v2\/pages\/763\/revisions\/1018"}],"wp:attachment":[{"href":"https:\/\/iccdss.idu.edu.tr\/index.php?rest_route=%2Fwp%2Fv2%2Fmedia&parent=763"}],"curies":[{"name":"wp","href":"https:\/\/api.w.org\/{rel}","templated":true}]}}