{"id":8,"date":"2019-04-17T08:51:59","date_gmt":"2019-04-17T08:51:59","guid":{"rendered":"http:\/\/172.16.16.44\/?page_id=8"},"modified":"2024-08-05T08:12:16","modified_gmt":"2024-08-05T08:12:16","slug":"iletisim","status":"publish","type":"page","link":"https:\/\/iccdss.idu.edu.tr\/?page_id=8","title":{"rendered":"\u0130leti\u015fim"},"content":{"rendered":"<p><span style=\"text-decoration: underline;\"><strong>Kongre Sekreteryas\u0131<\/strong><\/span><\/p>\n<p style=\"font-weight: 400;\">Ar\u015f. G\u00f6revlisi Menek\u015fe \u00c7\u0130\u00c7EK<\/p>\n<p style=\"font-weight: 400;\">Ar\u015f. G\u00f6revlisi Fatma DAHIN<\/p>\n<p style=\"font-weight: 400;\">Ar\u015f. G\u00f6revlisi \u00c7a\u011fla ODUNCULAR<\/p>\n<p style=\"font-weight: 400;\">Ar\u015f. G\u00f6revlisi Cansel USLU<\/p>\n<p>Ar\u015f. G\u00f6revlisi Gamze Asena AKG\u00d6L<\/p>\n<ul>\n<li>Mail: <strong><a href=\"mailto:iduiccdss@gmail.com\">iduiccdss@gmail.com<\/a><\/strong><\/li>\n<li>Twitter: <strong>https:\/\/twitter.com\/iccdss<\/strong><\/li>\n<li>Facebook: <strong>https:\/\/www.facebook.com\/iccdss\/<\/strong><\/li>\n<li>Instagram:<strong> https:\/\/www.instagram.com\/iccdss\/<\/strong><\/li>\n<\/ul>\n<p><\/p>","protected":false},"excerpt":{"rendered":"<p>Kongre Sekreteryas\u0131 Ar\u015f. G\u00f6revlisi Menek\u015fe \u00c7\u0130\u00c7EK Ar\u015f. G\u00f6revlisi Fatma DAHIN Ar\u015f. G\u00f6revlisi \u00c7a\u011fla ODUNCULAR Ar\u015f. G\u00f6revlisi Cansel USLU Ar\u015f. G\u00f6revlisi<\/p>\n","protected":false},"author":1,"featured_media":0,"parent":0,"menu_order":0,"comment_status":"closed","ping_status":"closed","template":"","meta":{"footnotes":""},"class_list":["post-8","page","type-page","status-publish","hentry","comments-off"],"_links":{"self":[{"href":"https:\/\/iccdss.idu.edu.tr\/index.php?rest_route=\/wp\/v2\/pages\/8","targetHints":{"allow":["GET"]}}],"collection":[{"href":"https:\/\/iccdss.idu.edu.tr\/index.php?rest_route=\/wp\/v2\/pages"}],"about":[{"href":"https:\/\/iccdss.idu.edu.tr\/index.php?rest_route=\/wp\/v2\/types\/page"}],"author":[{"embeddable":true,"href":"https:\/\/iccdss.idu.edu.tr\/index.php?rest_route=\/wp\/v2\/users\/1"}],"replies":[{"embeddable":true,"href":"https:\/\/iccdss.idu.edu.tr\/index.php?rest_route=%2Fwp%2Fv2%2Fcomments&post=8"}],"version-history":[{"count":24,"href":"https:\/\/iccdss.idu.edu.tr\/index.php?rest_route=\/wp\/v2\/pages\/8\/revisions"}],"predecessor-version":[{"id":928,"href":"https:\/\/iccdss.idu.edu.tr\/index.php?rest_route=\/wp\/v2\/pages\/8\/revisions\/928"}],"wp:attachment":[{"href":"https:\/\/iccdss.idu.edu.tr\/index.php?rest_route=%2Fwp%2Fv2%2Fmedia&parent=8"}],"curies":[{"name":"wp","href":"https:\/\/api.w.org\/{rel}","templated":true}]}}