{"id":998,"date":"2024-11-21T09:14:17","date_gmt":"2024-11-21T09:14:17","guid":{"rendered":"https:\/\/iccdss.idu.edu.tr\/?page_id=998"},"modified":"2024-11-22T07:34:35","modified_gmt":"2024-11-22T07:34:35","slug":"bilimsel-program-2","status":"publish","type":"page","link":"https:\/\/iccdss.idu.edu.tr\/?page_id=998","title":{"rendered":"Kongre Program\u0131"},"content":{"rendered":"<p>ICCDSS 2024 Kongre Program\u0131na ula\u015fmak i\u00e7in ba\u011flant\u0131y\u0131 t\u0131klay\u0131n\u0131z:\u00a0<a href=\"https:\/\/drive.google.com\/file\/d\/19R5_DWU4xx7bumNUcmLXXeybHGdEzquZ\/view?usp=sharing\">https:\/\/drive.google.com\/file\/d\/11GfozZcbeh-klGmZGO7TSWzvVSgDmFhj\/view?usp=sharing<\/a><\/p>","protected":false},"excerpt":{"rendered":"<p>ICCDSS 2024 Kongre Program\u0131na ula\u015fmak i\u00e7in ba\u011flant\u0131y\u0131 t\u0131klay\u0131n\u0131z:\u00a0https:\/\/drive.google.com\/file\/d\/11GfozZcbeh-klGmZGO7TSWzvVSgDmFhj\/view?usp=sharing<\/p>\n","protected":false},"author":3,"featured_media":0,"parent":0,"menu_order":0,"comment_status":"closed","ping_status":"closed","template":"","meta":{"footnotes":""},"class_list":["post-998","page","type-page","status-publish","hentry","comments-off"],"_links":{"self":[{"href":"https:\/\/iccdss.idu.edu.tr\/index.php?rest_route=\/wp\/v2\/pages\/998","targetHints":{"allow":["GET"]}}],"collection":[{"href":"https:\/\/iccdss.idu.edu.tr\/index.php?rest_route=\/wp\/v2\/pages"}],"about":[{"href":"https:\/\/iccdss.idu.edu.tr\/index.php?rest_route=\/wp\/v2\/types\/page"}],"author":[{"embeddable":true,"href":"https:\/\/iccdss.idu.edu.tr\/index.php?rest_route=\/wp\/v2\/users\/3"}],"replies":[{"embeddable":true,"href":"https:\/\/iccdss.idu.edu.tr\/index.php?rest_route=%2Fwp%2Fv2%2Fcomments&post=998"}],"version-history":[{"count":10,"href":"https:\/\/iccdss.idu.edu.tr\/index.php?rest_route=\/wp\/v2\/pages\/998\/revisions"}],"predecessor-version":[{"id":1010,"href":"https:\/\/iccdss.idu.edu.tr\/index.php?rest_route=\/wp\/v2\/pages\/998\/revisions\/1010"}],"wp:attachment":[{"href":"https:\/\/iccdss.idu.edu.tr\/index.php?rest_route=%2Fwp%2Fv2%2Fmedia&parent=998"}],"curies":[{"name":"wp","href":"https:\/\/api.w.org\/{rel}","templated":true}]}}